{"id":87,"date":"2025-01-16T08:49:52","date_gmt":"2025-01-16T08:49:52","guid":{"rendered":"https:\/\/wp.elisabethzambach.dk\/?page_id=87"},"modified":"2026-01-19T14:51:00","modified_gmt":"2026-01-19T14:51:00","slug":"personale","status":"publish","type":"page","link":"https:\/\/www.elisabethzambach.dk\/?page_id=87","title":{"rendered":"Personale"},"content":{"rendered":"\t\t<div data-elementor-type=\"wp-page\" data-elementor-id=\"87\" class=\"elementor elementor-87\" data-elementor-post-type=\"page\">\n\t\t\t\t<div class=\"elementor-element elementor-element-0aa4de3 e-flex e-con-boxed e-con e-parent\" data-id=\"0aa4de3\" data-element_type=\"container\" data-e-type=\"container\">\n\t\t\t\t\t<div class=\"e-con-inner\">\n\t\t\t\t<div class=\"elementor-element elementor-element-8a1e713 elementor-widget elementor-widget-spacer\" data-id=\"8a1e713\" data-element_type=\"widget\" data-e-type=\"widget\" data-widget_type=\"spacer.default\">\n\t\t\t\t<div class=\"elementor-widget-container\">\n\t\t\t\t\t\t\t<div class=\"elementor-spacer\">\n\t\t\t<div class=\"elementor-spacer-inner\"><\/div>\n\t\t<\/div>\n\t\t\t\t\t\t<\/div>\n\t\t\t\t<\/div>\n\t\t\t\t<div class=\"elementor-element elementor-element-9b5633d elementor-widget__width-initial elementor-widget elementor-widget-image\" data-id=\"9b5633d\" data-element_type=\"widget\" data-e-type=\"widget\" data-widget_type=\"image.default\">\n\t\t\t\t<div class=\"elementor-widget-container\">\n\t\t\t\t\t\t\t\t\t\t\t\t\t\t\t<img decoding=\"async\" width=\"120\" height=\"118\" src=\"https:\/\/www.elisabethzambach.dk\/wp-content\/uploads\/2025\/01\/Billede2.jpg\" class=\"attachment-medium size-medium wp-image-114\" alt=\"\" \/>\t\t\t\t\t\t\t\t\t\t\t\t\t\t\t<\/div>\n\t\t\t\t<\/div>\n\t\t\t\t\t<\/div>\n\t\t\t\t<\/div>\n\t\t<div class=\"elementor-element elementor-element-080c291 e-flex e-con-boxed e-con e-parent\" data-id=\"080c291\" data-element_type=\"container\" data-e-type=\"container\">\n\t\t\t\t\t<div class=\"e-con-inner\">\n\t\t\t\t<div class=\"elementor-element elementor-element-f40538c elementor-widget elementor-widget-text-editor\" data-id=\"f40538c\" data-element_type=\"widget\" data-e-type=\"widget\" data-widget_type=\"text-editor.default\">\n\t\t\t\t<div class=\"elementor-widget-container\">\n\t\t\t\t\t\t\t\t\t<p><b><strong>Elisabeth Zambach<\/strong><\/b>\u00a0 \u00a0 \u00a0<\/p><p>Jeg er Speciall\u00e6ge i B\u00f8rne- og Ungdomspsykiatri. Jeg har arbejdet som praktiserende b\u00f8rne- og ungdomspsykiatrisk speciall\u00e6ge siden i april 2014.Jeg har supplerende uddannelser i form af en to \u00e5rig uddannelse i individuel psykodynamisk terapi af b\u00f8rn og unge, en tre \u00e5rig gruppeterapeutisk uddannelse (IGA), en to \u00e5rig kognitiv adf\u00e6rdsterapeutisk uddannelse (Cektos) og en uddannelse i mindfullness.<\/p><p>Klinikken modtager b\u00f8rn og unge mellem 5 og 18 \u00e5r til unders\u00f8gelse og eventuelt efterf\u00f8lgende behandling for psykiske lidelser.<\/p><ul style=\"font-weight: 400;\"><li>Herudover deltager jeg j\u00e6vnligt i kurser og kongresser og underviser i b\u00f8rne- og ungdomspsykiatri.<\/li><li>Jeg har en bred b\u00f8rne- og ungdomspsykiatrisk erfaring og har blandt andet v\u00e6ret afsnitsledende overl\u00e6ge p\u00e5 et b\u00f8rnepsykiatrisk afsnit i Glostrup med d\u00f8gn- og dagindl\u00e6ggelser samt ambulatorium for b\u00f8rn. Afdelingen havde h\u00f8jt specialiseret funktion for komplicerede neuropsykiatriske tilstande, s\u00e5 som ADHD\/ADD, autismespektrumsforstyrrelser, OCD og Tourettes syndrom. Herudover var der b\u00f8rn med angsttilstande, depressioner og psykotiske tilstande.<\/li><li>Er godkendt Specialist i Psykoterapi.<\/li><\/ul>\t\t\t\t\t\t\t\t<\/div>\n\t\t\t\t<\/div>\n\t\t<div class=\"elementor-element elementor-element-28b0a05 e-grid e-con-full e-con e-child\" data-id=\"28b0a05\" data-element_type=\"container\" data-e-type=\"container\">\n\t\t\t\t<div class=\"elementor-element elementor-element-9fd33f4 elementor-align-justify elementor-widget elementor-widget-button\" data-id=\"9fd33f4\" data-element_type=\"widget\" data-e-type=\"widget\" data-widget_type=\"button.default\">\n\t\t\t\t<div class=\"elementor-widget-container\">\n\t\t\t\t\t\t\t\t\t<div class=\"elementor-button-wrapper\">\n\t\t\t\t\t<a class=\"elementor-button elementor-button-link elementor-size-sm elementor-animation-bounce-in\" href=\"https:\/\/www.sundhed.dk\/borger\/min-side\/min-sundhedsjournal\/medicinkortet\/\">\n\t\t\t\t\t\t<span class=\"elementor-button-content-wrapper\">\n\t\t\t\t\t\t\t\t\t<span class=\"elementor-button-text\">Receptfornyelse<\/span>\n\t\t\t\t\t<\/span>\n\t\t\t\t\t<\/a>\n\t\t\t\t<\/div>\n\t\t\t\t\t\t\t\t<\/div>\n\t\t\t\t<\/div>\n\t\t\t\t<div class=\"elementor-element elementor-element-c0b0672 elementor-align-justify elementor-widget elementor-widget-button\" data-id=\"c0b0672\" data-element_type=\"widget\" data-e-type=\"widget\" data-widget_type=\"button.default\">\n\t\t\t\t<div class=\"elementor-widget-container\">\n\t\t\t\t\t\t\t\t\t<div class=\"elementor-button-wrapper\">\n\t\t\t\t\t<a class=\"elementor-button elementor-button-link elementor-size-sm elementor-animation-bounce-in\" href=\"https:\/\/www.sundhed.dk\/borger\/min-side\/min-sundhedsjournal\/medicinkortet\/\">\n\t\t\t\t\t\t<span class=\"elementor-button-content-wrapper\">\n\t\t\t\t\t\t\t\t\t<span class=\"elementor-button-text\">Tidsbestilling<\/span>\n\t\t\t\t\t<\/span>\n\t\t\t\t\t<\/a>\n\t\t\t\t<\/div>\n\t\t\t\t\t\t\t\t<\/div>\n\t\t\t\t<\/div>\n\t\t\t\t<div class=\"elementor-element elementor-element-fcd23d2 elementor-align-justify elementor-widget elementor-widget-button\" data-id=\"fcd23d2\" data-element_type=\"widget\" data-e-type=\"widget\" data-widget_type=\"button.default\">\n\t\t\t\t<div class=\"elementor-widget-container\">\n\t\t\t\t\t\t\t\t\t<div class=\"elementor-button-wrapper\">\n\t\t\t\t\t<a class=\"elementor-button elementor-button-link elementor-size-sm elementor-animation-bounce-in\" href=\"https:\/\/www.elisabethzambach.dk\/?page_id=96\">\n\t\t\t\t\t\t<span class=\"elementor-button-content-wrapper\">\n\t\t\t\t\t\t\t\t\t<span class=\"elementor-button-text\">E-konsultation<\/span>\n\t\t\t\t\t<\/span>\n\t\t\t\t\t<\/a>\n\t\t\t\t<\/div>\n\t\t\t\t\t\t\t\t<\/div>\n\t\t\t\t<\/div>\n\t\t\t\t<\/div>\n\t\t\t\t<div class=\"elementor-element elementor-element-59d7297 elementor-widget elementor-widget-heading\" data-id=\"59d7297\" data-element_type=\"widget\" data-e-type=\"widget\" data-widget_type=\"heading.default\">\n\t\t\t\t<div class=\"elementor-widget-container\">\n\t\t\t\t\t<h2 class=\"elementor-heading-title elementor-size-default\">Selvbetjening g\u00e6lder kun for patienter med tilknytning til klinikken<\/h2>\t\t\t\t<\/div>\n\t\t\t\t<\/div>\n\t\t\t\t<div class=\"elementor-element elementor-element-d8a1caa elementor-widget elementor-widget-spacer\" data-id=\"d8a1caa\" data-element_type=\"widget\" data-e-type=\"widget\" data-widget_type=\"spacer.default\">\n\t\t\t\t<div class=\"elementor-widget-container\">\n\t\t\t\t\t\t\t<div class=\"elementor-spacer\">\n\t\t\t<div class=\"elementor-spacer-inner\"><\/div>\n\t\t<\/div>\n\t\t\t\t\t\t<\/div>\n\t\t\t\t<\/div>\n\t\t\t\t\t<\/div>\n\t\t\t\t<\/div>\n\t\t\t\t<\/div>\n\t\t","protected":false},"excerpt":{"rendered":"<p>Elisabeth Zambach\u00a0 \u00a0 \u00a0 Jeg er Speciall\u00e6ge i B\u00f8rne- og Ungdomspsykiatri. Jeg har arbejdet som praktiserende b\u00f8rne- og ungdomspsykiatrisk speciall\u00e6ge siden i april 2014.Jeg har supplerende uddannelser i form af en to \u00e5rig uddannelse i individuel psykodynamisk terapi af b\u00f8rn og unge, en tre \u00e5rig gruppeterapeutisk uddannelse (IGA), en to \u00e5rig kognitiv adf\u00e6rdsterapeutisk uddannelse (Cektos) [&hellip;]<\/p>\n","protected":false},"author":1,"featured_media":0,"parent":0,"menu_order":0,"comment_status":"closed","ping_status":"closed","template":"","meta":{"footnotes":""},"class_list":["post-87","page","type-page","status-publish","hentry"],"_links":{"self":[{"href":"https:\/\/www.elisabethzambach.dk\/index.php?rest_route=\/wp\/v2\/pages\/87","targetHints":{"allow":["GET"]}}],"collection":[{"href":"https:\/\/www.elisabethzambach.dk\/index.php?rest_route=\/wp\/v2\/pages"}],"about":[{"href":"https:\/\/www.elisabethzambach.dk\/index.php?rest_route=\/wp\/v2\/types\/page"}],"author":[{"embeddable":true,"href":"https:\/\/www.elisabethzambach.dk\/index.php?rest_route=\/wp\/v2\/users\/1"}],"replies":[{"embeddable":true,"href":"https:\/\/www.elisabethzambach.dk\/index.php?rest_route=%2Fwp%2Fv2%2Fcomments&post=87"}],"version-history":[{"count":22,"href":"https:\/\/www.elisabethzambach.dk\/index.php?rest_route=\/wp\/v2\/pages\/87\/revisions"}],"predecessor-version":[{"id":499,"href":"https:\/\/www.elisabethzambach.dk\/index.php?rest_route=\/wp\/v2\/pages\/87\/revisions\/499"}],"wp:attachment":[{"href":"https:\/\/www.elisabethzambach.dk\/index.php?rest_route=%2Fwp%2Fv2%2Fmedia&parent=87"}],"curies":[{"name":"wp","href":"https:\/\/api.w.org\/{rel}","templated":true}]}}