{"id":85,"date":"2025-01-16T08:49:18","date_gmt":"2025-01-16T08:49:18","guid":{"rendered":"https:\/\/wp.elisabethzambach.dk\/?page_id=85"},"modified":"2026-01-19T14:49:33","modified_gmt":"2026-01-19T14:49:33","slug":"undersoegelse-og-behandling","status":"publish","type":"page","link":"https:\/\/www.elisabethzambach.dk\/?page_id=85","title":{"rendered":"Unders\u00f8gelse og behandling"},"content":{"rendered":"\t\t<div data-elementor-type=\"wp-page\" data-elementor-id=\"85\" class=\"elementor elementor-85\" data-elementor-post-type=\"page\">\n\t\t\t\t<div class=\"elementor-element elementor-element-8c5e182 e-flex e-con-boxed e-con e-parent\" data-id=\"8c5e182\" data-element_type=\"container\" data-e-type=\"container\">\n\t\t\t\t\t<div class=\"e-con-inner\">\n\t\t\t\t<div class=\"elementor-element elementor-element-ea08b95 elementor-widget elementor-widget-spacer\" data-id=\"ea08b95\" data-element_type=\"widget\" data-e-type=\"widget\" data-widget_type=\"spacer.default\">\n\t\t\t\t<div class=\"elementor-widget-container\">\n\t\t\t\t\t\t\t<div class=\"elementor-spacer\">\n\t\t\t<div class=\"elementor-spacer-inner\"><\/div>\n\t\t<\/div>\n\t\t\t\t\t\t<\/div>\n\t\t\t\t<\/div>\n\t\t\t\t<div class=\"elementor-element elementor-element-d0e8b9f elementor-widget elementor-widget-heading\" data-id=\"d0e8b9f\" data-element_type=\"widget\" data-e-type=\"widget\" data-widget_type=\"heading.default\">\n\t\t\t\t<div class=\"elementor-widget-container\">\n\t\t\t\t\t<h2 class=\"elementor-heading-title elementor-size-default\">Unders\u00f8gelse og behandling<\/h2>\t\t\t\t<\/div>\n\t\t\t\t<\/div>\n\t\t\t\t\t<\/div>\n\t\t\t\t<\/div>\n\t\t<div class=\"elementor-element elementor-element-2159489 e-flex e-con-boxed e-con e-parent\" data-id=\"2159489\" data-element_type=\"container\" data-e-type=\"container\">\n\t\t\t\t\t<div class=\"e-con-inner\">\n\t\t\t\t<div class=\"elementor-element elementor-element-9f9e280 elementor-widget elementor-widget-text-editor\" data-id=\"9f9e280\" data-element_type=\"widget\" data-e-type=\"widget\" data-widget_type=\"text-editor.default\">\n\t\t\t\t<div class=\"elementor-widget-container\">\n\t\t\t\t\t\t\t\t\t<p>Ved f\u00f8rste bes\u00f8g her deltager b\u00e5de barnet\/den unge og s\u00e5 vidt muligt begge for\u00e6ldre. Sammen taler vi om baggrunden for henvisningen og laver en unders\u00f8gelsesplan<br \/>Unders\u00f8gelsen best\u00e5r typisk af 3-8 bes\u00f8g i klinikken og foreg\u00e5r i almindelig arbejdstid. Det vil v\u00e6re for\u00e6ldresamtaler og samtaler med barnet\/den unge. Der laves ofte test og I skal udfylde forskellige sp\u00f8rgeskemaer. Der indhentes oplysninger fra skole og\/eller daginstitution.<br \/><br \/>Forl\u00f8bet f\u00f8lges op af en samtale med tilbagemelding p\u00e5 unders\u00f8gelsen og aftaler om videre plan og evt. behandling. Det aftales ogs\u00e5, om der skal tages kontakt til skole\/PPR, socialforvaltning eller andre.<br \/>Hvis der er behov, er der mulighed for at afholde et netv\u00e6rksm\u00f8de i klinikken, hvor unders\u00f8gelsesresultaterne formidles.<br \/><br \/>Et eventuelt efterf\u00f8lgende behandlingsforl\u00f8b kan best\u00e5 af samtalebehandling. Dette kan forg\u00e5 alene, med for\u00e6ldre eller i en samtalegruppe med andre j\u00e6vnaldrende b\u00f8rn eller unge. Der kan gives vejledning\/r\u00e5dgivning til barnet og for\u00e6ldre (psykoedukation) og nogle b\u00f8rn\/unge vil blive tilbudt medicinsk behandling.<\/p>\t\t\t\t\t\t\t\t<\/div>\n\t\t\t\t<\/div>\n\t\t\t\t\t<\/div>\n\t\t\t\t<\/div>\n\t\t<div class=\"elementor-element elementor-element-2468630 e-grid e-con-full e-con e-parent\" data-id=\"2468630\" data-element_type=\"container\" data-e-type=\"container\">\n\t\t\t\t<div class=\"elementor-element elementor-element-7ffe598 elementor-align-justify elementor-widget elementor-widget-button\" data-id=\"7ffe598\" data-element_type=\"widget\" data-e-type=\"widget\" data-widget_type=\"button.default\">\n\t\t\t\t<div class=\"elementor-widget-container\">\n\t\t\t\t\t\t\t\t\t<div class=\"elementor-button-wrapper\">\n\t\t\t\t\t<a class=\"elementor-button elementor-button-link elementor-size-sm elementor-animation-bounce-in\" href=\"https:\/\/www.sundhed.dk\/borger\/min-side\/min-sundhedsjournal\/medicinkortet\/\">\n\t\t\t\t\t\t<span class=\"elementor-button-content-wrapper\">\n\t\t\t\t\t\t\t\t\t<span class=\"elementor-button-text\">Receptfornyelse<\/span>\n\t\t\t\t\t<\/span>\n\t\t\t\t\t<\/a>\n\t\t\t\t<\/div>\n\t\t\t\t\t\t\t\t<\/div>\n\t\t\t\t<\/div>\n\t\t\t\t<div class=\"elementor-element elementor-element-17524ee elementor-align-justify elementor-widget elementor-widget-button\" data-id=\"17524ee\" data-element_type=\"widget\" data-e-type=\"widget\" data-widget_type=\"button.default\">\n\t\t\t\t<div class=\"elementor-widget-container\">\n\t\t\t\t\t\t\t\t\t<div class=\"elementor-button-wrapper\">\n\t\t\t\t\t<a class=\"elementor-button elementor-button-link elementor-size-sm elementor-animation-bounce-in\" href=\"https:\/\/www.elisabethzambach.dk\/?page_id=96\">\n\t\t\t\t\t\t<span class=\"elementor-button-content-wrapper\">\n\t\t\t\t\t\t\t\t\t<span class=\"elementor-button-text\">E-konsultation<\/span>\n\t\t\t\t\t<\/span>\n\t\t\t\t\t<\/a>\n\t\t\t\t<\/div>\n\t\t\t\t\t\t\t\t<\/div>\n\t\t\t\t<\/div>\n\t\t\t\t<div class=\"elementor-element elementor-element-0fd5a70 elementor-align-justify elementor-widget elementor-widget-button\" data-id=\"0fd5a70\" data-element_type=\"widget\" data-e-type=\"widget\" data-widget_type=\"button.default\">\n\t\t\t\t<div class=\"elementor-widget-container\">\n\t\t\t\t\t\t\t\t\t<div class=\"elementor-button-wrapper\">\n\t\t\t\t\t<a class=\"elementor-button elementor-button-link elementor-size-sm elementor-animation-bounce-in\" href=\"https:\/\/www.elisabethzambach.dk\/?page_id=94\">\n\t\t\t\t\t\t<span class=\"elementor-button-content-wrapper\">\n\t\t\t\t\t\t\t\t\t<span class=\"elementor-button-text\">Tidsbestilling<\/span>\n\t\t\t\t\t<\/span>\n\t\t\t\t\t<\/a>\n\t\t\t\t<\/div>\n\t\t\t\t\t\t\t\t<\/div>\n\t\t\t\t<\/div>\n\t\t\t\t<\/div>\n\t\t<div class=\"elementor-element elementor-element-7eb8c8b e-flex e-con-boxed e-con e-parent\" data-id=\"7eb8c8b\" data-element_type=\"container\" data-e-type=\"container\">\n\t\t\t\t\t<div class=\"e-con-inner\">\n\t\t\t\t<div class=\"elementor-element elementor-element-f0b2265 elementor-widget elementor-widget-heading\" data-id=\"f0b2265\" data-element_type=\"widget\" data-e-type=\"widget\" data-widget_type=\"heading.default\">\n\t\t\t\t<div class=\"elementor-widget-container\">\n\t\t\t\t\t<h2 class=\"elementor-heading-title elementor-size-default\">Selvbetjening g\u00e6lder kun for patienter med tilknytning til klinikken<\/h2>\t\t\t\t<\/div>\n\t\t\t\t<\/div>\n\t\t\t\t<div class=\"elementor-element elementor-element-611bf6f elementor-widget elementor-widget-spacer\" data-id=\"611bf6f\" data-element_type=\"widget\" data-e-type=\"widget\" data-widget_type=\"spacer.default\">\n\t\t\t\t<div class=\"elementor-widget-container\">\n\t\t\t\t\t\t\t<div class=\"elementor-spacer\">\n\t\t\t<div class=\"elementor-spacer-inner\"><\/div>\n\t\t<\/div>\n\t\t\t\t\t\t<\/div>\n\t\t\t\t<\/div>\n\t\t\t\t\t<\/div>\n\t\t\t\t<\/div>\n\t\t\t\t<\/div>\n\t\t","protected":false},"excerpt":{"rendered":"<p>Unders\u00f8gelse og behandling Ved f\u00f8rste bes\u00f8g her deltager b\u00e5de barnet\/den unge og s\u00e5 vidt muligt begge for\u00e6ldre. Sammen taler vi om baggrunden for henvisningen og laver en unders\u00f8gelsesplanUnders\u00f8gelsen best\u00e5r typisk af 3-8 bes\u00f8g i klinikken og foreg\u00e5r i almindelig arbejdstid. Det vil v\u00e6re for\u00e6ldresamtaler og samtaler med barnet\/den unge. Der laves ofte test og I [&hellip;]<\/p>\n","protected":false},"author":1,"featured_media":0,"parent":0,"menu_order":0,"comment_status":"closed","ping_status":"closed","template":"","meta":{"footnotes":""},"class_list":["post-85","page","type-page","status-publish","hentry"],"_links":{"self":[{"href":"https:\/\/www.elisabethzambach.dk\/index.php?rest_route=\/wp\/v2\/pages\/85","targetHints":{"allow":["GET"]}}],"collection":[{"href":"https:\/\/www.elisabethzambach.dk\/index.php?rest_route=\/wp\/v2\/pages"}],"about":[{"href":"https:\/\/www.elisabethzambach.dk\/index.php?rest_route=\/wp\/v2\/types\/page"}],"author":[{"embeddable":true,"href":"https:\/\/www.elisabethzambach.dk\/index.php?rest_route=\/wp\/v2\/users\/1"}],"replies":[{"embeddable":true,"href":"https:\/\/www.elisabethzambach.dk\/index.php?rest_route=%2Fwp%2Fv2%2Fcomments&post=85"}],"version-history":[{"count":37,"href":"https:\/\/www.elisabethzambach.dk\/index.php?rest_route=\/wp\/v2\/pages\/85\/revisions"}],"predecessor-version":[{"id":493,"href":"https:\/\/www.elisabethzambach.dk\/index.php?rest_route=\/wp\/v2\/pages\/85\/revisions\/493"}],"wp:attachment":[{"href":"https:\/\/www.elisabethzambach.dk\/index.php?rest_route=%2Fwp%2Fv2%2Fmedia&parent=85"}],"curies":[{"name":"wp","href":"https:\/\/api.w.org\/{rel}","templated":true}]}}