{"id":55,"date":"2025-01-15T13:25:32","date_gmt":"2025-01-15T13:25:32","guid":{"rendered":"https:\/\/wp.elisabethzambach.dk\/?page_id=55"},"modified":"2026-01-19T14:43:56","modified_gmt":"2026-01-19T14:43:56","slug":"forside","status":"publish","type":"page","link":"https:\/\/www.elisabethzambach.dk\/","title":{"rendered":"Forside"},"content":{"rendered":"\t\t<div data-elementor-type=\"wp-page\" data-elementor-id=\"55\" class=\"elementor elementor-55\" data-elementor-post-type=\"page\">\n\t\t\t\t<div class=\"elementor-element elementor-element-94bb736 e-flex e-con-boxed e-con e-parent\" data-id=\"94bb736\" data-element_type=\"container\" data-e-type=\"container\">\n\t\t\t\t\t<div class=\"e-con-inner\">\n\t\t\t\t<div class=\"elementor-element elementor-element-a1f6592 elementor-widget elementor-widget-spacer\" data-id=\"a1f6592\" data-element_type=\"widget\" data-e-type=\"widget\" data-widget_type=\"spacer.default\">\n\t\t\t\t<div class=\"elementor-widget-container\">\n\t\t\t\t\t\t\t<div class=\"elementor-spacer\">\n\t\t\t<div class=\"elementor-spacer-inner\"><\/div>\n\t\t<\/div>\n\t\t\t\t\t\t<\/div>\n\t\t\t\t<\/div>\n\t\t\t\t<div class=\"elementor-element elementor-element-f6d3816 elementor-widget elementor-widget-heading\" data-id=\"f6d3816\" data-element_type=\"widget\" data-e-type=\"widget\" data-widget_type=\"heading.default\">\n\t\t\t\t<div class=\"elementor-widget-container\">\n\t\t\t\t\t<h2 class=\"elementor-heading-title elementor-size-default\">Velkommen hos Speciall\u00e6ge i B\u00f8rne- og Ungdomspsykiatri Elisabeth Zambach<\/h2>\t\t\t\t<\/div>\n\t\t\t\t<\/div>\n\t\t\t\t<div class=\"elementor-element elementor-element-a5fa85f elementor-widget elementor-widget-spacer\" data-id=\"a5fa85f\" data-element_type=\"widget\" data-e-type=\"widget\" data-widget_type=\"spacer.default\">\n\t\t\t\t<div class=\"elementor-widget-container\">\n\t\t\t\t\t\t\t<div class=\"elementor-spacer\">\n\t\t\t<div class=\"elementor-spacer-inner\"><\/div>\n\t\t<\/div>\n\t\t\t\t\t\t<\/div>\n\t\t\t\t<\/div>\n\t\t\t\t\t<\/div>\n\t\t\t\t<\/div>\n\t\t<div class=\"elementor-element elementor-element-33d8da6 e-flex e-con-boxed e-con e-parent\" data-id=\"33d8da6\" data-element_type=\"container\" data-e-type=\"container\">\n\t\t\t\t\t<div class=\"e-con-inner\">\n\t\t\t\t<div class=\"elementor-element elementor-element-38dd35f elementor-widget elementor-widget-text-editor\" data-id=\"38dd35f\" data-element_type=\"widget\" data-e-type=\"widget\" data-widget_type=\"text-editor.default\">\n\t\t\t\t<div class=\"elementor-widget-container\">\n\t\t\t\t\t\t\t\t\t<p>Klinikken er en speciall\u00e6gepraksis med offentlig overenskomst og derfor er det gratis at modtage unders\u00f8gelse og behandling i klinikken, hvis dette vurderes relevant efter en telefonisk visitation.<\/p>\t\t\t\t\t\t\t\t<\/div>\n\t\t\t\t<\/div>\n\t\t\t\t\t<\/div>\n\t\t\t\t<\/div>\n\t\t<div class=\"elementor-element elementor-element-320a260 e-flex e-con-boxed e-con e-parent\" data-id=\"320a260\" data-element_type=\"container\" data-e-type=\"container\">\n\t\t\t\t\t<div class=\"e-con-inner\">\n\t\t\t\t<div class=\"elementor-element elementor-element-acbc39f elementor-widget elementor-widget-image\" data-id=\"acbc39f\" data-element_type=\"widget\" data-e-type=\"widget\" data-widget_type=\"image.default\">\n\t\t\t\t<div class=\"elementor-widget-container\">\n\t\t\t\t\t\t\t\t\t\t\t\t\t\t\t<img fetchpriority=\"high\" decoding=\"async\" width=\"408\" height=\"187\" src=\"https:\/\/www.elisabethzambach.dk\/wp-content\/uploads\/2025\/01\/Billede1-zambach.jpg\" class=\"attachment-large size-large wp-image-23\" alt=\"\" srcset=\"https:\/\/www.elisabethzambach.dk\/wp-content\/uploads\/2025\/01\/Billede1-zambach.jpg 408w, https:\/\/www.elisabethzambach.dk\/wp-content\/uploads\/2025\/01\/Billede1-zambach-300x138.jpg 300w\" sizes=\"(max-width: 408px) 100vw, 408px\" \/>\t\t\t\t\t\t\t\t\t\t\t\t\t\t\t<\/div>\n\t\t\t\t<\/div>\n\t\t\t\t\t<\/div>\n\t\t\t\t<\/div>\n\t\t<div class=\"elementor-element elementor-element-ae2ce22 e-flex e-con-boxed e-con e-parent\" data-id=\"ae2ce22\" data-element_type=\"container\" data-e-type=\"container\">\n\t\t\t\t\t<div class=\"e-con-inner\">\n\t\t\t\t<div class=\"elementor-element elementor-element-e88f06d elementor-widget elementor-widget-text-editor\" data-id=\"e88f06d\" data-element_type=\"widget\" data-e-type=\"widget\" data-widget_type=\"text-editor.default\">\n\t\t\t\t<div class=\"elementor-widget-container\">\n\t\t\t\t\t\t\t\t\t<div class=\"page-content row\"><h4 id=\"bar\">Det kan du her p\u00e5 hjemmesiden:<\/h4><\/div><div class=\"page-content row\"><ul><li>Se AKTUELLE FORHOLD FOR KLINIKKEN under nyheder.<\/li><li>Forny recepter af tidligere ordineret medicin.<\/li><li>Forel\u00e6gge begr\u00e6nsede problemstillinger via E-konsultation. Svar indenfor ca. 5 hverdage.<\/li><li>Bestille ny tid, hvis du allerede har v\u00e6ret til den f\u00f8rste samtale.<\/li><li>L\u00e6se udvalgte informationer.<\/li><\/ul><\/div><div class=\"page-content row\"><p>For at kunne forny recepter, bestille tid og bede om en E-konsultation skal du logge p\u00e5 med dit barns personnummer og din adgangskode.<\/p><\/div>\t\t\t\t\t\t\t\t<\/div>\n\t\t\t\t<\/div>\n\t\t\t\t<div class=\"elementor-element elementor-element-91e60b6 elementor-widget elementor-widget-spacer\" data-id=\"91e60b6\" data-element_type=\"widget\" data-e-type=\"widget\" data-widget_type=\"spacer.default\">\n\t\t\t\t<div class=\"elementor-widget-container\">\n\t\t\t\t\t\t\t<div class=\"elementor-spacer\">\n\t\t\t<div class=\"elementor-spacer-inner\"><\/div>\n\t\t<\/div>\n\t\t\t\t\t\t<\/div>\n\t\t\t\t<\/div>\n\t\t\t\t\t<\/div>\n\t\t\t\t<\/div>\n\t\t<div class=\"elementor-element elementor-element-4884cc4 e-grid e-con-boxed e-con e-parent\" data-id=\"4884cc4\" data-element_type=\"container\" data-e-type=\"container\">\n\t\t\t\t\t<div class=\"e-con-inner\">\n\t\t\t\t<div class=\"elementor-element elementor-element-9942819 elementor-align-justify elementor-widget elementor-widget-button\" data-id=\"9942819\" data-element_type=\"widget\" data-e-type=\"widget\" data-widget_type=\"button.default\">\n\t\t\t\t<div class=\"elementor-widget-container\">\n\t\t\t\t\t\t\t\t\t<div class=\"elementor-button-wrapper\">\n\t\t\t\t\t<a class=\"elementor-button elementor-button-link elementor-size-sm elementor-animation-bounce-in\" href=\"https:\/\/www.sundhed.dk\/borger\/min-side\/min-sundhedsjournal\/medicinkortet\/\" target=\"_blank\">\n\t\t\t\t\t\t<span class=\"elementor-button-content-wrapper\">\n\t\t\t\t\t\t\t\t\t<span class=\"elementor-button-text\">Receptfornyelse<\/span>\n\t\t\t\t\t<\/span>\n\t\t\t\t\t<\/a>\n\t\t\t\t<\/div>\n\t\t\t\t\t\t\t\t<\/div>\n\t\t\t\t<\/div>\n\t\t\t\t<div class=\"elementor-element elementor-element-ee4b642 elementor-align-justify elementor-widget elementor-widget-button\" data-id=\"ee4b642\" data-element_type=\"widget\" data-e-type=\"widget\" data-widget_type=\"button.default\">\n\t\t\t\t<div class=\"elementor-widget-container\">\n\t\t\t\t\t\t\t\t\t<div class=\"elementor-button-wrapper\">\n\t\t\t\t\t<a class=\"elementor-button elementor-button-link elementor-size-sm elementor-animation-bounce-in\" href=\"https:\/\/www.elisabethzambach.dk\/?page_id=96\">\n\t\t\t\t\t\t<span class=\"elementor-button-content-wrapper\">\n\t\t\t\t\t\t\t\t\t<span class=\"elementor-button-text\">E-konsultation<\/span>\n\t\t\t\t\t<\/span>\n\t\t\t\t\t<\/a>\n\t\t\t\t<\/div>\n\t\t\t\t\t\t\t\t<\/div>\n\t\t\t\t<\/div>\n\t\t\t\t<div class=\"elementor-element elementor-element-1f61351 elementor-align-justify elementor-widget elementor-widget-button\" data-id=\"1f61351\" data-element_type=\"widget\" data-e-type=\"widget\" data-widget_type=\"button.default\">\n\t\t\t\t<div class=\"elementor-widget-container\">\n\t\t\t\t\t\t\t\t\t<div class=\"elementor-button-wrapper\">\n\t\t\t\t\t<a class=\"elementor-button elementor-button-link elementor-size-sm elementor-animation-bounce-in\" href=\"https:\/\/www.elisabethzambach.dk\/?page_id=94\">\n\t\t\t\t\t\t<span class=\"elementor-button-content-wrapper\">\n\t\t\t\t\t\t\t\t\t<span class=\"elementor-button-text\">Tidsbestilling<\/span>\n\t\t\t\t\t<\/span>\n\t\t\t\t\t<\/a>\n\t\t\t\t<\/div>\n\t\t\t\t\t\t\t\t<\/div>\n\t\t\t\t<\/div>\n\t\t\t\t\t<\/div>\n\t\t\t\t<\/div>\n\t\t<div class=\"elementor-element elementor-element-01aa819 e-flex e-con-boxed e-con e-parent\" data-id=\"01aa819\" data-element_type=\"container\" data-e-type=\"container\">\n\t\t\t\t\t<div class=\"e-con-inner\">\n\t\t\t\t<div class=\"elementor-element elementor-element-e43b5f7 elementor-widget elementor-widget-heading\" data-id=\"e43b5f7\" data-element_type=\"widget\" data-e-type=\"widget\" data-widget_type=\"heading.default\">\n\t\t\t\t<div class=\"elementor-widget-container\">\n\t\t\t\t\t<h2 class=\"elementor-heading-title elementor-size-default\">Selvbetjening g\u00e6lder kun for patienter med tilknytning til klinikken<\/h2>\t\t\t\t<\/div>\n\t\t\t\t<\/div>\n\t\t\t\t<div class=\"elementor-element elementor-element-7460891 elementor-widget elementor-widget-spacer\" data-id=\"7460891\" data-element_type=\"widget\" data-e-type=\"widget\" data-widget_type=\"spacer.default\">\n\t\t\t\t<div class=\"elementor-widget-container\">\n\t\t\t\t\t\t\t<div class=\"elementor-spacer\">\n\t\t\t<div class=\"elementor-spacer-inner\"><\/div>\n\t\t<\/div>\n\t\t\t\t\t\t<\/div>\n\t\t\t\t<\/div>\n\t\t\t\t\t<\/div>\n\t\t\t\t<\/div>\n\t\t\t\t<\/div>\n\t\t","protected":false},"excerpt":{"rendered":"<p>Velkommen hos Speciall\u00e6ge i B\u00f8rne- og Ungdomspsykiatri Elisabeth Zambach Klinikken er en speciall\u00e6gepraksis med offentlig overenskomst og derfor er det gratis at modtage unders\u00f8gelse og behandling i klinikken, hvis dette vurderes relevant efter en telefonisk visitation. Det kan du her p\u00e5 hjemmesiden: Se AKTUELLE FORHOLD FOR KLINIKKEN under nyheder. Forny recepter af tidligere ordineret medicin. [&hellip;]<\/p>\n","protected":false},"author":1,"featured_media":0,"parent":0,"menu_order":0,"comment_status":"closed","ping_status":"closed","template":"","meta":{"footnotes":""},"class_list":["post-55","page","type-page","status-publish","hentry"],"_links":{"self":[{"href":"https:\/\/www.elisabethzambach.dk\/index.php?rest_route=\/wp\/v2\/pages\/55","targetHints":{"allow":["GET"]}}],"collection":[{"href":"https:\/\/www.elisabethzambach.dk\/index.php?rest_route=\/wp\/v2\/pages"}],"about":[{"href":"https:\/\/www.elisabethzambach.dk\/index.php?rest_route=\/wp\/v2\/types\/page"}],"author":[{"embeddable":true,"href":"https:\/\/www.elisabethzambach.dk\/index.php?rest_route=\/wp\/v2\/users\/1"}],"replies":[{"embeddable":true,"href":"https:\/\/www.elisabethzambach.dk\/index.php?rest_route=%2Fwp%2Fv2%2Fcomments&post=55"}],"version-history":[{"count":57,"href":"https:\/\/www.elisabethzambach.dk\/index.php?rest_route=\/wp\/v2\/pages\/55\/revisions"}],"predecessor-version":[{"id":484,"href":"https:\/\/www.elisabethzambach.dk\/index.php?rest_route=\/wp\/v2\/pages\/55\/revisions\/484"}],"wp:attachment":[{"href":"https:\/\/www.elisabethzambach.dk\/index.php?rest_route=%2Fwp%2Fv2%2Fmedia&parent=55"}],"curies":[{"name":"wp","href":"https:\/\/api.w.org\/{rel}","templated":true}]}}