{"id":275,"date":"2025-01-16T12:09:41","date_gmt":"2025-01-16T12:09:41","guid":{"rendered":"https:\/\/wp.elisabethzambach.dk\/?page_id=275"},"modified":"2025-01-16T12:15:22","modified_gmt":"2025-01-16T12:15:22","slug":"links","status":"publish","type":"page","link":"https:\/\/www.elisabethzambach.dk\/?page_id=275","title":{"rendered":"Links"},"content":{"rendered":"\t\t<div data-elementor-type=\"wp-page\" data-elementor-id=\"275\" class=\"elementor elementor-275\" data-elementor-post-type=\"page\">\n\t\t\t\t<div class=\"elementor-element elementor-element-0ade2fb e-flex e-con-boxed e-con e-parent\" data-id=\"0ade2fb\" data-element_type=\"container\" data-e-type=\"container\">\n\t\t\t\t\t<div class=\"e-con-inner\">\n\t\t\t\t<div class=\"elementor-element elementor-element-8067656 elementor-widget elementor-widget-spacer\" data-id=\"8067656\" data-element_type=\"widget\" data-e-type=\"widget\" data-widget_type=\"spacer.default\">\n\t\t\t\t<div class=\"elementor-widget-container\">\n\t\t\t\t\t\t\t<div class=\"elementor-spacer\">\n\t\t\t<div class=\"elementor-spacer-inner\"><\/div>\n\t\t<\/div>\n\t\t\t\t\t\t<\/div>\n\t\t\t\t<\/div>\n\t\t\t\t<div class=\"elementor-element elementor-element-99e14ae elementor-widget elementor-widget-heading\" data-id=\"99e14ae\" data-element_type=\"widget\" data-e-type=\"widget\" data-widget_type=\"heading.default\">\n\t\t\t\t<div class=\"elementor-widget-container\">\n\t\t\t\t\t<h2 class=\"elementor-heading-title elementor-size-default\">Links<\/h2>\t\t\t\t<\/div>\n\t\t\t\t<\/div>\n\t\t\t\t\t<\/div>\n\t\t\t\t<\/div>\n\t\t<div class=\"elementor-element elementor-element-5d40016 e-flex e-con-boxed e-con e-parent\" data-id=\"5d40016\" data-element_type=\"container\" data-e-type=\"container\">\n\t\t\t\t\t<div class=\"e-con-inner\">\n\t\t\t\t<div class=\"elementor-element elementor-element-b0cfc93 elementor-widget elementor-widget-text-editor\" data-id=\"b0cfc93\" data-element_type=\"widget\" data-e-type=\"widget\" data-widget_type=\"text-editor.default\">\n\t\t\t\t<div class=\"elementor-widget-container\">\n\t\t\t\t\t\t\t\t\t<p><strong>Generelle sundhedsoplysninger, herunder om medicin:<\/strong><\/p><p><a href=\"https:\/\/www.sundhed.dk\/\">www.sundhed.dk<\/a><\/p><p><a href=\"http:\/\/www.Laegehaandbogen.dk\">www.Laegehaandbogen.dk<\/a><\/p><p><a href=\"https:\/\/min.medicin.dk\/\">www.min.medicin.dk<\/a><\/p><p><a href=\"http:\/\/www.psykiatrifonden.dk\">www.psykiatrifonden.dk<\/a><\/p><p><strong>ADHD:<\/strong><\/p><p><a href=\"https:\/\/www.adhd.dk\/\">www.ADHD.dk<\/a><\/p><p><strong>Angst:<\/strong><\/p><p><a href=\"https:\/\/www.angstforeningen.dk\/\">www.angstforeningen.dk<\/a><\/p><p><strong>Autisme:<\/strong><\/p><p><a href=\"https:\/\/www.autismeforening.dk\/\">www.autismeforening.dk<\/a><\/p><p><a href=\"http:\/\/www.centerforautisme.dk\">www.centerforautisme.dk<\/a><\/p><p><strong>Depression og selvmordstanker:<\/strong><\/p><p><a href=\"http:\/\/www.livslinien.dk\/\">www.Livslinien.dk<\/a><\/p><p><strong>Tics og tourette:<\/strong><\/p><p><a href=\"https:\/\/www.tourette.dk\/\">www.tourette.dk<\/a><\/p><p><strong>Tvangstanker og tvangshandlinger, ogs\u00e5 kaldet OCD:<\/strong><\/p><p><a href=\"https:\/\/www.ocd-foreningen.dk\/\">www.ocd-foreningen.dk<\/a><\/p><p><strong>R\u00e5dgivning:<\/strong><\/p><p><a href=\"https:\/\/socialstyrelsen.dk\/\">www.socialstyrelsen.dk<\/a><br \/><a href=\"https:\/\/www.dukh.dk\/\">www.dukh.dk<\/a><\/p><p><strong>Rapporter en utilsigtet h\u00e6ndelse, information herom.<\/strong><\/p><p><a href=\"https:\/\/stps.dk\/da\/rapporter-en-utilsigtet-haendelse\">www.dpsd.dk<\/a><\/p><p>\u00a0<\/p>\t\t\t\t\t\t\t\t<\/div>\n\t\t\t\t<\/div>\n\t\t\t\t\t<\/div>\n\t\t\t\t<\/div>\n\t\t\t\t<\/div>\n\t\t","protected":false},"excerpt":{"rendered":"<p>Links Generelle sundhedsoplysninger, herunder om medicin: www.sundhed.dk www.Laegehaandbogen.dk www.min.medicin.dk www.psykiatrifonden.dk ADHD: www.ADHD.dk Angst: www.angstforeningen.dk Autisme: www.autismeforening.dk www.centerforautisme.dk Depression og selvmordstanker: www.Livslinien.dk Tics og tourette: www.tourette.dk Tvangstanker og tvangshandlinger, ogs\u00e5 kaldet OCD: www.ocd-foreningen.dk R\u00e5dgivning: www.socialstyrelsen.dkwww.dukh.dk Rapporter en utilsigtet h\u00e6ndelse, information herom. www.dpsd.dk \u00a0<\/p>\n","protected":false},"author":1,"featured_media":0,"parent":0,"menu_order":0,"comment_status":"closed","ping_status":"closed","template":"","meta":{"footnotes":""},"class_list":["post-275","page","type-page","status-publish","hentry"],"_links":{"self":[{"href":"https:\/\/www.elisabethzambach.dk\/index.php?rest_route=\/wp\/v2\/pages\/275","targetHints":{"allow":["GET"]}}],"collection":[{"href":"https:\/\/www.elisabethzambach.dk\/index.php?rest_route=\/wp\/v2\/pages"}],"about":[{"href":"https:\/\/www.elisabethzambach.dk\/index.php?rest_route=\/wp\/v2\/types\/page"}],"author":[{"embeddable":true,"href":"https:\/\/www.elisabethzambach.dk\/index.php?rest_route=\/wp\/v2\/users\/1"}],"replies":[{"embeddable":true,"href":"https:\/\/www.elisabethzambach.dk\/index.php?rest_route=%2Fwp%2Fv2%2Fcomments&post=275"}],"version-history":[{"count":7,"href":"https:\/\/www.elisabethzambach.dk\/index.php?rest_route=\/wp\/v2\/pages\/275\/revisions"}],"predecessor-version":[{"id":283,"href":"https:\/\/www.elisabethzambach.dk\/index.php?rest_route=\/wp\/v2\/pages\/275\/revisions\/283"}],"wp:attachment":[{"href":"https:\/\/www.elisabethzambach.dk\/index.php?rest_route=%2Fwp%2Fv2%2Fmedia&parent=275"}],"curies":[{"name":"wp","href":"https:\/\/api.w.org\/{rel}","templated":true}]}}