{"id":271,"date":"2025-01-16T12:07:59","date_gmt":"2025-01-16T12:07:59","guid":{"rendered":"https:\/\/wp.elisabethzambach.dk\/?page_id=271"},"modified":"2025-01-17T09:44:49","modified_gmt":"2025-01-17T09:44:49","slug":"info-til-egen-laege","status":"publish","type":"page","link":"https:\/\/www.elisabethzambach.dk\/?page_id=271","title":{"rendered":"Info til egen l\u00e6ge"},"content":{"rendered":"\t\t<div data-elementor-type=\"wp-page\" data-elementor-id=\"271\" class=\"elementor elementor-271\" data-elementor-post-type=\"page\">\n\t\t\t\t<div class=\"elementor-element elementor-element-352adfb e-flex e-con-boxed e-con e-parent\" data-id=\"352adfb\" data-element_type=\"container\" data-e-type=\"container\">\n\t\t\t\t\t<div class=\"e-con-inner\">\n\t\t\t\t<div class=\"elementor-element elementor-element-d91a3c0 elementor-widget elementor-widget-spacer\" data-id=\"d91a3c0\" data-element_type=\"widget\" data-e-type=\"widget\" data-widget_type=\"spacer.default\">\n\t\t\t\t<div class=\"elementor-widget-container\">\n\t\t\t\t\t\t\t<div class=\"elementor-spacer\">\n\t\t\t<div class=\"elementor-spacer-inner\"><\/div>\n\t\t<\/div>\n\t\t\t\t\t\t<\/div>\n\t\t\t\t<\/div>\n\t\t\t\t<div class=\"elementor-element elementor-element-db66c66 elementor-widget elementor-widget-heading\" data-id=\"db66c66\" data-element_type=\"widget\" data-e-type=\"widget\" data-widget_type=\"heading.default\">\n\t\t\t\t<div class=\"elementor-widget-container\">\n\t\t\t\t\t<h2 class=\"elementor-heading-title elementor-size-default\">Info til egen l\u00e6ge<\/h2>\t\t\t\t<\/div>\n\t\t\t\t<\/div>\n\t\t\t\t\t<\/div>\n\t\t\t\t<\/div>\n\t\t<div class=\"elementor-element elementor-element-e3dc2c9 e-flex e-con-boxed e-con e-parent\" data-id=\"e3dc2c9\" data-element_type=\"container\" data-e-type=\"container\">\n\t\t\t\t\t<div class=\"e-con-inner\">\n\t\t\t\t<div class=\"elementor-element elementor-element-0a20633 elementor-widget elementor-widget-text-editor\" data-id=\"0a20633\" data-element_type=\"widget\" data-e-type=\"widget\" data-widget_type=\"text-editor.default\">\n\t\t\t\t<div class=\"elementor-widget-container\">\n\t\t\t\t\t\t\t\t\t<div class=\"page-content row\"><p>L\u00e6gen skal p\u00e5 &#8220;Henvisningshotellet&#8221; placere henvisningen under praktiserende speciall\u00e6ge, b\u00f8rne-ungdomspsykiatri, speciale 26 for b\u00f8rn og unge under 18 \u00e5r. Hvis henvisningen ligger under psykiatri, vil det kun v\u00e6re (voksen)-psykiatere, som har adgang til henvisningen.<br \/><br \/>Hvis for\u00e6ldrene er skilt og har f\u00e6lles for\u00e6ldremyndighed, skal begge for\u00e6ldre v\u00e6re enige om henvisning hertil.<\/p><\/div><div class=\"page-content row\"><div><p>\u00a0<\/p><\/div><\/div>\t\t\t\t\t\t\t\t<\/div>\n\t\t\t\t<\/div>\n\t\t\t\t\t<\/div>\n\t\t\t\t<\/div>\n\t\t<div class=\"elementor-element elementor-element-64c698d e-flex e-con-boxed e-con e-parent\" data-id=\"64c698d\" data-element_type=\"container\" data-e-type=\"container\">\n\t\t\t\t\t<div class=\"e-con-inner\">\n\t\t\t\t<div class=\"elementor-element elementor-element-cb11cec elementor-widget elementor-widget-image\" data-id=\"cb11cec\" data-element_type=\"widget\" data-e-type=\"widget\" data-widget_type=\"image.default\">\n\t\t\t\t<div class=\"elementor-widget-container\">\n\t\t\t\t\t\t\t\t\t\t\t\t\t\t\t<img fetchpriority=\"high\" decoding=\"async\" width=\"427\" height=\"173\" src=\"https:\/\/www.elisabethzambach.dk\/wp-content\/uploads\/2025\/01\/Billede-info-til-egen-laege.jpg\" class=\"attachment-large size-large wp-image-335\" alt=\"\" srcset=\"https:\/\/www.elisabethzambach.dk\/wp-content\/uploads\/2025\/01\/Billede-info-til-egen-laege.jpg 427w, https:\/\/www.elisabethzambach.dk\/wp-content\/uploads\/2025\/01\/Billede-info-til-egen-laege-300x122.jpg 300w\" sizes=\"(max-width: 427px) 100vw, 427px\" \/>\t\t\t\t\t\t\t\t\t\t\t\t\t\t\t<\/div>\n\t\t\t\t<\/div>\n\t\t\t\t\t<\/div>\n\t\t\t\t<\/div>\n\t\t<div class=\"elementor-element elementor-element-96eb4c4 e-flex e-con-boxed e-con e-parent\" data-id=\"96eb4c4\" data-element_type=\"container\" data-e-type=\"container\">\n\t\t\t\t\t<div class=\"e-con-inner\">\n\t\t\t\t<div class=\"elementor-element elementor-element-8ec9876 elementor-widget elementor-widget-spacer\" data-id=\"8ec9876\" data-element_type=\"widget\" data-e-type=\"widget\" data-widget_type=\"spacer.default\">\n\t\t\t\t<div class=\"elementor-widget-container\">\n\t\t\t\t\t\t\t<div class=\"elementor-spacer\">\n\t\t\t<div class=\"elementor-spacer-inner\"><\/div>\n\t\t<\/div>\n\t\t\t\t\t\t<\/div>\n\t\t\t\t<\/div>\n\t\t\t\t\t<\/div>\n\t\t\t\t<\/div>\n\t\t\t\t<\/div>\n\t\t","protected":false},"excerpt":{"rendered":"<p>Info til egen l\u00e6ge L\u00e6gen skal p\u00e5 &#8220;Henvisningshotellet&#8221; placere henvisningen under praktiserende speciall\u00e6ge, b\u00f8rne-ungdomspsykiatri, speciale 26 for b\u00f8rn og unge under 18 \u00e5r. Hvis henvisningen ligger under psykiatri, vil det kun v\u00e6re (voksen)-psykiatere, som har adgang til henvisningen. Hvis for\u00e6ldrene er skilt og har f\u00e6lles for\u00e6ldremyndighed, skal begge for\u00e6ldre v\u00e6re enige om henvisning hertil. \u00a0<\/p>\n","protected":false},"author":1,"featured_media":0,"parent":0,"menu_order":0,"comment_status":"closed","ping_status":"closed","template":"","meta":{"footnotes":""},"class_list":["post-271","page","type-page","status-publish","hentry"],"_links":{"self":[{"href":"https:\/\/www.elisabethzambach.dk\/index.php?rest_route=\/wp\/v2\/pages\/271","targetHints":{"allow":["GET"]}}],"collection":[{"href":"https:\/\/www.elisabethzambach.dk\/index.php?rest_route=\/wp\/v2\/pages"}],"about":[{"href":"https:\/\/www.elisabethzambach.dk\/index.php?rest_route=\/wp\/v2\/types\/page"}],"author":[{"embeddable":true,"href":"https:\/\/www.elisabethzambach.dk\/index.php?rest_route=\/wp\/v2\/users\/1"}],"replies":[{"embeddable":true,"href":"https:\/\/www.elisabethzambach.dk\/index.php?rest_route=%2Fwp%2Fv2%2Fcomments&post=271"}],"version-history":[{"count":7,"href":"https:\/\/www.elisabethzambach.dk\/index.php?rest_route=\/wp\/v2\/pages\/271\/revisions"}],"predecessor-version":[{"id":341,"href":"https:\/\/www.elisabethzambach.dk\/index.php?rest_route=\/wp\/v2\/pages\/271\/revisions\/341"}],"wp:attachment":[{"href":"https:\/\/www.elisabethzambach.dk\/index.php?rest_route=%2Fwp%2Fv2%2Fmedia&parent=271"}],"curies":[{"name":"wp","href":"https:\/\/api.w.org\/{rel}","templated":true}]}}