{"id":269,"date":"2025-01-16T12:07:31","date_gmt":"2025-01-16T12:07:31","guid":{"rendered":"https:\/\/wp.elisabethzambach.dk\/?page_id=269"},"modified":"2025-01-17T09:48:55","modified_gmt":"2025-01-17T09:48:55","slug":"praktiske-oplysninger","status":"publish","type":"page","link":"https:\/\/www.elisabethzambach.dk\/?page_id=269","title":{"rendered":"Praktiske oplysninger"},"content":{"rendered":"\t\t<div data-elementor-type=\"wp-page\" data-elementor-id=\"269\" class=\"elementor elementor-269\" data-elementor-post-type=\"page\">\n\t\t\t\t<div class=\"elementor-element elementor-element-b42a906 e-flex e-con-boxed e-con e-parent\" data-id=\"b42a906\" data-element_type=\"container\" data-e-type=\"container\">\n\t\t\t\t\t<div class=\"e-con-inner\">\n\t\t\t\t<div class=\"elementor-element elementor-element-9348f00 elementor-widget elementor-widget-spacer\" data-id=\"9348f00\" data-element_type=\"widget\" data-e-type=\"widget\" data-widget_type=\"spacer.default\">\n\t\t\t\t<div class=\"elementor-widget-container\">\n\t\t\t\t\t\t\t<div class=\"elementor-spacer\">\n\t\t\t<div class=\"elementor-spacer-inner\"><\/div>\n\t\t<\/div>\n\t\t\t\t\t\t<\/div>\n\t\t\t\t<\/div>\n\t\t\t\t<div class=\"elementor-element elementor-element-d239f80 elementor-widget elementor-widget-heading\" data-id=\"d239f80\" data-element_type=\"widget\" data-e-type=\"widget\" data-widget_type=\"heading.default\">\n\t\t\t\t<div class=\"elementor-widget-container\">\n\t\t\t\t\t<h2 class=\"elementor-heading-title elementor-size-default\">Praktiske oplysninger<\/h2>\t\t\t\t<\/div>\n\t\t\t\t<\/div>\n\t\t\t\t\t<\/div>\n\t\t\t\t<\/div>\n\t\t<div class=\"elementor-element elementor-element-be29207 e-flex e-con-boxed e-con e-parent\" data-id=\"be29207\" data-element_type=\"container\" data-e-type=\"container\">\n\t\t\t\t\t<div class=\"e-con-inner\">\n\t\t\t\t<div class=\"elementor-element elementor-element-b08868b elementor-widget elementor-widget-text-editor\" data-id=\"b08868b\" data-element_type=\"widget\" data-e-type=\"widget\" data-widget_type=\"text-editor.default\">\n\t\t\t\t<div class=\"elementor-widget-container\">\n\t\t\t\t\t\t\t\t\t<p>Klinikken ligger p\u00e5 1. sal og deler ventev\u00e6relse med Psykologerne p\u00e5 N\u00f8rregade 12. Indgang i porten. Der er desv\u00e6rre ikke elevator.<br \/><br \/>Det er muligt at f\u00e5 vand, te eller kaffe i ventev\u00e6relset.<br \/><br \/>LUKKEDAGE se under nyheder eller p\u00e5 Sundhed.dk<\/p>\t\t\t\t\t\t\t\t<\/div>\n\t\t\t\t<\/div>\n\t\t\t\t\t<\/div>\n\t\t\t\t<\/div>\n\t\t<div class=\"elementor-element elementor-element-190882c e-flex e-con-boxed e-con e-parent\" data-id=\"190882c\" data-element_type=\"container\" data-e-type=\"container\">\n\t\t\t\t\t<div class=\"e-con-inner\">\n\t\t\t\t<div class=\"elementor-element elementor-element-b6b1f68 elementor-widget elementor-widget-image\" data-id=\"b6b1f68\" data-element_type=\"widget\" data-e-type=\"widget\" data-widget_type=\"image.default\">\n\t\t\t\t<div class=\"elementor-widget-container\">\n\t\t\t\t\t\t\t\t\t\t\t\t\t\t\t<img fetchpriority=\"high\" decoding=\"async\" width=\"482\" height=\"375\" src=\"https:\/\/www.elisabethzambach.dk\/wp-content\/uploads\/2025\/01\/Billede-praktiske-oplysninger.jpg\" class=\"attachment-large size-large wp-image-342\" alt=\"\" srcset=\"https:\/\/www.elisabethzambach.dk\/wp-content\/uploads\/2025\/01\/Billede-praktiske-oplysninger.jpg 482w, https:\/\/www.elisabethzambach.dk\/wp-content\/uploads\/2025\/01\/Billede-praktiske-oplysninger-300x233.jpg 300w\" sizes=\"(max-width: 482px) 100vw, 482px\" \/>\t\t\t\t\t\t\t\t\t\t\t\t\t\t\t<\/div>\n\t\t\t\t<\/div>\n\t\t\t\t\t<\/div>\n\t\t\t\t<\/div>\n\t\t<div class=\"elementor-element elementor-element-fc73597 e-flex e-con-boxed e-con e-parent\" data-id=\"fc73597\" data-element_type=\"container\" data-e-type=\"container\">\n\t\t\t\t\t<div class=\"e-con-inner\">\n\t\t\t\t<div class=\"elementor-element elementor-element-2f19459 elementor-widget elementor-widget-spacer\" data-id=\"2f19459\" data-element_type=\"widget\" data-e-type=\"widget\" data-widget_type=\"spacer.default\">\n\t\t\t\t<div class=\"elementor-widget-container\">\n\t\t\t\t\t\t\t<div class=\"elementor-spacer\">\n\t\t\t<div class=\"elementor-spacer-inner\"><\/div>\n\t\t<\/div>\n\t\t\t\t\t\t<\/div>\n\t\t\t\t<\/div>\n\t\t\t\t\t<\/div>\n\t\t\t\t<\/div>\n\t\t\t\t<\/div>\n\t\t","protected":false},"excerpt":{"rendered":"<p>Praktiske oplysninger Klinikken ligger p\u00e5 1. sal og deler ventev\u00e6relse med Psykologerne p\u00e5 N\u00f8rregade 12. Indgang i porten. Der er desv\u00e6rre ikke elevator. Det er muligt at f\u00e5 vand, te eller kaffe i ventev\u00e6relset. LUKKEDAGE se under nyheder eller p\u00e5 Sundhed.dk<\/p>\n","protected":false},"author":1,"featured_media":0,"parent":0,"menu_order":0,"comment_status":"closed","ping_status":"closed","template":"","meta":{"footnotes":""},"class_list":["post-269","page","type-page","status-publish","hentry"],"_links":{"self":[{"href":"https:\/\/www.elisabethzambach.dk\/index.php?rest_route=\/wp\/v2\/pages\/269","targetHints":{"allow":["GET"]}}],"collection":[{"href":"https:\/\/www.elisabethzambach.dk\/index.php?rest_route=\/wp\/v2\/pages"}],"about":[{"href":"https:\/\/www.elisabethzambach.dk\/index.php?rest_route=\/wp\/v2\/types\/page"}],"author":[{"embeddable":true,"href":"https:\/\/www.elisabethzambach.dk\/index.php?rest_route=\/wp\/v2\/users\/1"}],"replies":[{"embeddable":true,"href":"https:\/\/www.elisabethzambach.dk\/index.php?rest_route=%2Fwp%2Fv2%2Fcomments&post=269"}],"version-history":[{"count":19,"href":"https:\/\/www.elisabethzambach.dk\/index.php?rest_route=\/wp\/v2\/pages\/269\/revisions"}],"predecessor-version":[{"id":360,"href":"https:\/\/www.elisabethzambach.dk\/index.php?rest_route=\/wp\/v2\/pages\/269\/revisions\/360"}],"wp:attachment":[{"href":"https:\/\/www.elisabethzambach.dk\/index.php?rest_route=%2Fwp%2Fv2%2Fmedia&parent=269"}],"curies":[{"name":"wp","href":"https:\/\/api.w.org\/{rel}","templated":true}]}}