{"id":227,"date":"2025-01-16T11:12:01","date_gmt":"2025-01-16T11:12:01","guid":{"rendered":"https:\/\/wp.elisabethzambach.dk\/?page_id=227"},"modified":"2025-01-16T11:40:06","modified_gmt":"2025-01-16T11:40:06","slug":"spoergeskemaer","status":"publish","type":"page","link":"https:\/\/www.elisabethzambach.dk\/?page_id=227","title":{"rendered":"Sp\u00f8rgeskemaer"},"content":{"rendered":"\t\t<div data-elementor-type=\"wp-page\" data-elementor-id=\"227\" class=\"elementor elementor-227\" data-elementor-post-type=\"page\">\n\t\t\t\t<div class=\"elementor-element elementor-element-c8b3423 e-flex e-con-boxed e-con e-parent\" data-id=\"c8b3423\" data-element_type=\"container\" data-e-type=\"container\">\n\t\t\t\t\t<div class=\"e-con-inner\">\n\t\t\t\t<div class=\"elementor-element elementor-element-4304f4d elementor-widget elementor-widget-spacer\" data-id=\"4304f4d\" data-element_type=\"widget\" data-e-type=\"widget\" data-widget_type=\"spacer.default\">\n\t\t\t\t<div class=\"elementor-widget-container\">\n\t\t\t\t\t\t\t<div class=\"elementor-spacer\">\n\t\t\t<div class=\"elementor-spacer-inner\"><\/div>\n\t\t<\/div>\n\t\t\t\t\t\t<\/div>\n\t\t\t\t<\/div>\n\t\t\t\t<div class=\"elementor-element elementor-element-8b369bf elementor-widget elementor-widget-text-editor\" data-id=\"8b369bf\" data-element_type=\"widget\" data-e-type=\"widget\" data-widget_type=\"text-editor.default\">\n\t\t\t\t<div class=\"elementor-widget-container\">\n\t\t\t\t\t\t\t\t\t<p>Her findes nogle af de sp\u00f8rgeskemaer, som jeg anvender i min klinik. N\u00e5r og hvis du skal bruge dem, har jeg givet besked om hvilket.<\/p>\t\t\t\t\t\t\t\t<\/div>\n\t\t\t\t<\/div>\n\t\t\t\t\t<\/div>\n\t\t\t\t<\/div>\n\t\t<div class=\"elementor-element elementor-element-1291d27 e-flex e-con-boxed e-con e-parent\" data-id=\"1291d27\" data-element_type=\"container\" data-e-type=\"container\">\n\t\t\t\t\t<div class=\"e-con-inner\">\n\t\t\t\t<div class=\"elementor-element elementor-element-39757d0 elementor-widget elementor-widget-text-editor\" data-id=\"39757d0\" data-element_type=\"widget\" data-e-type=\"widget\" data-widget_type=\"text-editor.default\">\n\t\t\t\t<div class=\"elementor-widget-container\">\n\t\t\t\t\t\t\t\t\t<div class=\"page-content row\"><div><p><a href=\"https:\/\/www.elisabethzambach.dk\/wp-content\/uploads\/2025\/01\/Spoergeskema-1_-ADHD-RS.pdf\">Sp\u00f8rgeskema 1_ ADHD-RS<\/a><\/p><p><a href=\"https:\/\/www.elisabethzambach.dk\/wp-content\/uploads\/2025\/01\/Spoergeskema-2_-Adfaerdskema.pdf\">Sp\u00f8rgeskema 2_ Adf\u00e6rdskema<\/a><\/p><\/div><\/div><div class=\"page-content row\"><div><p><a href=\"https:\/\/www.elisabethzambach.dk\/wp-content\/uploads\/2025\/01\/Spoergeskema-3_-CY-BOCS-OCD-mini.pdf\">Sp\u00f8rgeskema 3_ CY-BOCS, OCD, mini<\/a><\/p><p><a href=\"https:\/\/www.elisabethzambach.dk\/wp-content\/uploads\/2025\/01\/Spoergeskema-4_-RCADS-Caregiver-Dansk-2018.pdf\">Sp\u00f8rgeskema 4_ RCADS-Caregiver-Dansk-2018<\/a><\/p><p><a href=\"https:\/\/www.elisabethzambach.dk\/wp-content\/uploads\/2025\/01\/Spoergeskema-5_-5-15.pdf.pdf\">Sp\u00f8rgeskema 5_ 5-15.pdf<\/a><\/p><p><a href=\"https:\/\/www.elisabethzambach.dk\/wp-content\/uploads\/2025\/01\/Spoergeskema-6_-Oplysningsskema.pdf\">Sp\u00f8rgeskema 6_ Oplysningsskema<\/a><\/p><p><a href=\"https:\/\/www.elisabethzambach.dk\/wp-content\/uploads\/2025\/01\/Spoergeskema-7_-Samtykke-erklaering.EZ_.pdf\">Sp\u00f8rgeskema 7_ Samtykke-erkl\u00e6ring.EZ<\/a><\/p><\/div><\/div>\t\t\t\t\t\t\t\t<\/div>\n\t\t\t\t<\/div>\n\t\t\t\t\t<\/div>\n\t\t\t\t<\/div>\n\t\t<div class=\"elementor-element elementor-element-763c9fb e-flex e-con-boxed e-con e-parent\" data-id=\"763c9fb\" data-element_type=\"container\" data-e-type=\"container\">\n\t\t\t\t\t<div class=\"e-con-inner\">\n\t\t\t\t<div class=\"elementor-element elementor-element-8496f7d elementor-widget elementor-widget-image\" data-id=\"8496f7d\" data-element_type=\"widget\" data-e-type=\"widget\" data-widget_type=\"image.default\">\n\t\t\t\t<div class=\"elementor-widget-container\">\n\t\t\t\t\t\t\t\t\t\t\t\t\t\t\t<img fetchpriority=\"high\" decoding=\"async\" width=\"800\" height=\"282\" src=\"https:\/\/www.elisabethzambach.dk\/wp-content\/uploads\/2025\/01\/Billedem-spoergeskemaer-1024x361.jpg\" class=\"attachment-large size-large wp-image-253\" alt=\"\" srcset=\"https:\/\/www.elisabethzambach.dk\/wp-content\/uploads\/2025\/01\/Billedem-spoergeskemaer-1024x361.jpg 1024w, https:\/\/www.elisabethzambach.dk\/wp-content\/uploads\/2025\/01\/Billedem-spoergeskemaer-300x106.jpg 300w, https:\/\/www.elisabethzambach.dk\/wp-content\/uploads\/2025\/01\/Billedem-spoergeskemaer-768x271.jpg 768w, https:\/\/www.elisabethzambach.dk\/wp-content\/uploads\/2025\/01\/Billedem-spoergeskemaer.jpg 1358w\" sizes=\"(max-width: 800px) 100vw, 800px\" \/>\t\t\t\t\t\t\t\t\t\t\t\t\t\t\t<\/div>\n\t\t\t\t<\/div>\n\t\t\t\t\t<\/div>\n\t\t\t\t<\/div>\n\t\t<div class=\"elementor-element elementor-element-8cd47ff e-flex e-con-boxed e-con e-parent\" data-id=\"8cd47ff\" data-element_type=\"container\" data-e-type=\"container\">\n\t\t\t\t\t<div class=\"e-con-inner\">\n\t\t\t\t<div class=\"elementor-element elementor-element-1892bbe elementor-widget elementor-widget-spacer\" data-id=\"1892bbe\" data-element_type=\"widget\" data-e-type=\"widget\" data-widget_type=\"spacer.default\">\n\t\t\t\t<div class=\"elementor-widget-container\">\n\t\t\t\t\t\t\t<div class=\"elementor-spacer\">\n\t\t\t<div class=\"elementor-spacer-inner\"><\/div>\n\t\t<\/div>\n\t\t\t\t\t\t<\/div>\n\t\t\t\t<\/div>\n\t\t\t\t\t<\/div>\n\t\t\t\t<\/div>\n\t\t\t\t<\/div>\n\t\t","protected":false},"excerpt":{"rendered":"<p>Her findes nogle af de sp\u00f8rgeskemaer, som jeg anvender i min klinik. N\u00e5r og hvis du skal bruge dem, har jeg givet besked om hvilket. Sp\u00f8rgeskema 1_ ADHD-RS Sp\u00f8rgeskema 2_ Adf\u00e6rdskema Sp\u00f8rgeskema 3_ CY-BOCS, OCD, mini Sp\u00f8rgeskema 4_ RCADS-Caregiver-Dansk-2018 Sp\u00f8rgeskema 5_ 5-15.pdf Sp\u00f8rgeskema 6_ Oplysningsskema Sp\u00f8rgeskema 7_ Samtykke-erkl\u00e6ring.EZ<\/p>\n","protected":false},"author":1,"featured_media":0,"parent":0,"menu_order":0,"comment_status":"closed","ping_status":"closed","template":"","meta":{"footnotes":""},"class_list":["post-227","page","type-page","status-publish","hentry"],"_links":{"self":[{"href":"https:\/\/www.elisabethzambach.dk\/index.php?rest_route=\/wp\/v2\/pages\/227","targetHints":{"allow":["GET"]}}],"collection":[{"href":"https:\/\/www.elisabethzambach.dk\/index.php?rest_route=\/wp\/v2\/pages"}],"about":[{"href":"https:\/\/www.elisabethzambach.dk\/index.php?rest_route=\/wp\/v2\/types\/page"}],"author":[{"embeddable":true,"href":"https:\/\/www.elisabethzambach.dk\/index.php?rest_route=\/wp\/v2\/users\/1"}],"replies":[{"embeddable":true,"href":"https:\/\/www.elisabethzambach.dk\/index.php?rest_route=%2Fwp%2Fv2%2Fcomments&post=227"}],"version-history":[{"count":19,"href":"https:\/\/www.elisabethzambach.dk\/index.php?rest_route=\/wp\/v2\/pages\/227\/revisions"}],"predecessor-version":[{"id":262,"href":"https:\/\/www.elisabethzambach.dk\/index.php?rest_route=\/wp\/v2\/pages\/227\/revisions\/262"}],"wp:attachment":[{"href":"https:\/\/www.elisabethzambach.dk\/index.php?rest_route=%2Fwp%2Fv2%2Fmedia&parent=227"}],"curies":[{"name":"wp","href":"https:\/\/api.w.org\/{rel}","templated":true}]}}